{"id":18,"date":"2023-12-02T16:45:43","date_gmt":"2023-12-02T16:45:43","guid":{"rendered":"https:\/\/smarters-player-lite.co\/?page_id=18"},"modified":"2024-12-25T09:09:57","modified_gmt":"2024-12-25T09:09:57","slug":"erstattungspolitik","status":"publish","type":"page","link":"https:\/\/smarters-player-lite.co\/de\/erstattungspolitik\/","title":{"rendered":"R\u00fcckerstattungsrichtlinie"},"content":{"rendered":"<div data-elementor-type=\"wp-page\" data-elementor-id=\"18\" class=\"elementor elementor-18\">\n\t\t\t\t\t\t<section class=\"elementor-section elementor-top-section elementor-element elementor-element-78fe6f6 elementor-section-boxed elementor-section-height-default elementor-section-height-default\" data-id=\"78fe6f6\" data-element_type=\"section\" data-e-type=\"section\" data-settings=\"{&quot;background_background&quot;:&quot;classic&quot;}\">\n\t\t\t\t\t\t<div class=\"elementor-container elementor-column-gap-default\">\n\t\t\t\t\t<div class=\"elementor-column elementor-col-100 elementor-top-column elementor-element elementor-element-4cfe545\" data-id=\"4cfe545\" data-element_type=\"column\" data-e-type=\"column\">\n\t\t\t<div class=\"elementor-widget-wrap elementor-element-populated\">\n\t\t\t\t\t\t<div class=\"elementor-element elementor-element-3a07893 elementor-widget elementor-widget-heading\" data-id=\"3a07893\" data-element_type=\"widget\" data-e-type=\"widget\" data-widget_type=\"heading.default\">\n\t\t\t\t<div class=\"elementor-widget-container\">\n\t\t\t\t\t<h2 class=\"elementor-heading-title elementor-size-default\">R\u00fcckerstattungsrichtlinie<\/h2>\t\t\t\t<\/div>\n\t\t\t\t<\/div>\n\t\t\t\t\t<\/div>\n\t\t<\/div>\n\t\t\t\t\t<\/div>\n\t\t<\/section>\n\t\t\t\t<section class=\"elementor-section elementor-top-section elementor-element elementor-element-b3234e4 elementor-section-boxed elementor-section-height-default elementor-section-height-default\" data-id=\"b3234e4\" data-element_type=\"section\" data-e-type=\"section\" data-settings=\"{&quot;background_background&quot;:&quot;classic&quot;}\">\n\t\t\t\t\t\t<div class=\"elementor-container elementor-column-gap-default\">\n\t\t\t\t\t<div class=\"elementor-column elementor-col-100 elementor-top-column elementor-element elementor-element-d08da24\" data-id=\"d08da24\" data-element_type=\"column\" data-e-type=\"column\">\n\t\t\t<div class=\"elementor-widget-wrap elementor-element-populated\">\n\t\t\t\t\t\t<div class=\"elementor-element elementor-element-58b8cfc elementor-widget elementor-widget-text-editor\" data-id=\"58b8cfc\" data-element_type=\"widget\" data-e-type=\"widget\" data-widget_type=\"text-editor.default\">\n\t\t\t\t<div class=\"elementor-widget-container\">\n\t\t\t\t\t\t\t\t\t<p>R\u00fcckerstattungsrichtlinie f\u00fcr Smarters Player Lite :<\/p><p>Wir bei Smarters Player Lite sind bestrebt, die Zufriedenheit unserer Kunden mit unseren Produkten und Dienstleistungen sicherzustellen. Diese R\u00fcckerstattungsrichtlinie beschreibt unsere Verfahren zur Bearbeitung von R\u00fcckerstattungsantr\u00e4gen.<\/p><p>1. Berechtigung f\u00fcr Erstattungen :<\/p><p>R\u00fcckerstattungen k\u00f6nnen unter den folgenden Umst\u00e4nden ausgestellt werden:<br \/>Abonnementk\u00fcndigungen: Wenn Sie Ihr Abonnement innerhalb des angegebenen Erstattungszeitraums k\u00fcndigen, wie in unseren Nutzungsbedingungen angegeben.<br \/>Dienstunterbrechungen: Wenn unsere Dienste aufgrund von technischen Problemen, die au\u00dferhalb unserer Kontrolle liegen, f\u00fcr l\u00e4ngere Zeit nicht verf\u00fcgbar sind oder unterbrochen werden.<br \/>Unzufriedenheit: Wenn Sie mit unseren Diensten nicht zufrieden sind und auf erhebliche Probleme oder Einschr\u00e4nkungen gesto\u00dfen sind, die Sie daran hindern, unsere Dienste wie vorgesehen zu nutzen.<br \/>2. Antragsverfahren :<\/p><p>Um eine R\u00fcckerstattung zu beantragen, m\u00fcssen Sie sich innerhalb der geltenden R\u00fcckerstattungsfrist an unser Kundensupportteam wenden und detaillierte Angaben zu Ihrem Antrag machen.<br \/>Antr\u00e4ge auf R\u00fcckerstattung werden von Fall zu Fall gepr\u00fcft, und die Berechtigung zur R\u00fcckerstattung wird nach unserem Ermessen bestimmt.<br \/>3. Methoden der R\u00fcckerstattung :<\/p><p>R\u00fcckerstattungen werden unter Verwendung der urspr\u00fcnglichen Zahlungsmethode, die f\u00fcr den Kauf verwendet wurde, vorgenommen.<br \/>Bitte planen Sie eine angemessene Bearbeitungszeit ein, damit die R\u00fcckerstattung bearbeitet und auf Ihrem Konto widergespiegelt werden kann.<br \/>4. Nicht erstattungsf\u00e4hige Artikel :<\/p><p>Einige Produkte oder Dienstleistungen sind m\u00f6glicherweise nicht erstattungsf\u00e4hig, wie z. B. einmalige K\u00e4ufe, digitale Downloads oder Dienstleistungen, die genutzt oder aufgerufen wurden.<br \/>5. Kontaktieren Sie uns :<\/p><p>Wenn Sie Fragen oder Bedenken zu unseren R\u00fcckerstattungsrichtlinien haben oder Hilfe bei einem R\u00fcckerstattungsantrag ben\u00f6tigen, wenden Sie sich bitte an uns unter contact@smarters-player-lite.co.<br \/>6. \u00c4nderungen an dieser Richtlinie :<\/p><p>Wir behalten uns das Recht vor, diese Erstattungsrichtlinie jederzeit zu aktualisieren oder zu \u00e4ndern. Alle \u00c4nderungen treten unmittelbar nach der Ver\u00f6ffentlichung der aktualisierten Erstattungsrichtlinie auf unserer Website in Kraft.<br \/>Durch die Nutzung unserer Website oder unserer Dienstleistungen erkl\u00e4ren Sie sich mit den Bedingungen dieser R\u00fcckerstattungsrichtlinie einverstanden.<\/p>\t\t\t\t\t\t\t\t<\/div>\n\t\t\t\t<\/div>\n\t\t\t\t\t<\/div>\n\t\t<\/div>\n\t\t\t\t\t<\/div>\n\t\t<\/section>\n\t\t\t\t<\/div>","protected":false},"excerpt":{"rendered":"<p>Politique de remboursement Politique de remboursement pour Smarters Player Lite : Chez Smarters Player Lite nous nous effor\u00e7ons d\u2019assurer la [&hellip;]<\/p>\n","protected":false},"author":1,"featured_media":0,"parent":0,"menu_order":0,"comment_status":"closed","ping_status":"closed","template":"","meta":{"site-sidebar-layout":"no-sidebar","site-content-layout":"","ast-site-content-layout":"full-width-container","site-content-style":"default","site-sidebar-style":"default","ast-global-header-display":"","ast-banner-title-visibility":"","ast-main-header-display":"","ast-hfb-above-header-display":"","ast-hfb-below-header-display":"","ast-hfb-mobile-header-display":"","site-post-title":"disabled","ast-breadcrumbs-content":"","ast-featured-img":"disabled","footer-sml-layout":"","ast-disable-related-posts":"","theme-transparent-header-meta":"","adv-header-id-meta":"","stick-header-meta":"","header-above-stick-meta":"","header-main-stick-meta":"","header-below-stick-meta":"","astra-migrate-meta-layouts":"default","ast-page-background-enabled":"default","ast-page-background-meta":{"desktop":{"background-color":"var(--ast-global-color-4)","background-image":"","background-repeat":"repeat","background-position":"center center","background-size":"auto","background-attachment":"scroll","background-type":"","background-media":"","overlay-type":"","overlay-color":"","overlay-opacity":"","overlay-gradient":""},"tablet":{"background-color":"","background-image":"","background-repeat":"repeat","background-position":"center center","background-size":"auto","background-attachment":"scroll","background-type":"","background-media":"","overlay-type":"","overlay-color":"","overlay-opacity":"","overlay-gradient":""},"mobile":{"background-color":"","background-image":"","background-repeat":"repeat","background-position":"center center","background-size":"auto","background-attachment":"scroll","background-type":"","background-media":"","overlay-type":"","overlay-color":"","overlay-opacity":"","overlay-gradient":""}},"ast-content-background-meta":{"desktop":{"background-color":"var(--ast-global-color-5)","background-image":"","background-repeat":"repeat","background-position":"center center","background-size":"auto","background-attachment":"scroll","background-type":"","background-media":"","overlay-type":"","overlay-color":"","overlay-opacity":"","overlay-gradient":""},"tablet":{"background-color":"var(--ast-global-color-5)","background-image":"","background-repeat":"repeat","background-position":"center center","background-size":"auto","background-attachment":"scroll","background-type":"","background-media":"","overlay-type":"","overlay-color":"","overlay-opacity":"","overlay-gradient":""},"mobile":{"background-color":"var(--ast-global-color-5)","background-image":"","background-repeat":"repeat","background-position":"center center","background-size":"auto","background-attachment":"scroll","background-type":"","background-media":"","overlay-type":"","overlay-color":"","overlay-opacity":"","overlay-gradient":""}},"footnotes":""},"class_list":["post-18","page","type-page","status-publish","hentry"],"_links":{"self":[{"href":"https:\/\/smarters-player-lite.co\/de\/wp-json\/wp\/v2\/pages\/18","targetHints":{"allow":["GET"]}}],"collection":[{"href":"https:\/\/smarters-player-lite.co\/de\/wp-json\/wp\/v2\/pages"}],"about":[{"href":"https:\/\/smarters-player-lite.co\/de\/wp-json\/wp\/v2\/types\/page"}],"author":[{"embeddable":true,"href":"https:\/\/smarters-player-lite.co\/de\/wp-json\/wp\/v2\/users\/1"}],"replies":[{"embeddable":true,"href":"https:\/\/smarters-player-lite.co\/de\/wp-json\/wp\/v2\/comments?post=18"}],"version-history":[{"count":1,"href":"https:\/\/smarters-player-lite.co\/de\/wp-json\/wp\/v2\/pages\/18\/revisions"}],"predecessor-version":[{"id":4838,"href":"https:\/\/smarters-player-lite.co\/de\/wp-json\/wp\/v2\/pages\/18\/revisions\/4838"}],"wp:attachment":[{"href":"https:\/\/smarters-player-lite.co\/de\/wp-json\/wp\/v2\/media?parent=18"}],"curies":[{"name":"wp","href":"https:\/\/api.w.org\/{rel}","templated":true}]}}