{"id":14,"date":"2023-12-02T16:44:59","date_gmt":"2023-12-02T16:44:59","guid":{"rendered":"https:\/\/smarters-player-lite.co\/?page_id=14"},"modified":"2024-12-25T09:09:54","modified_gmt":"2024-12-25T09:09:54","slug":"allgemeine-bedingungen","status":"publish","type":"page","link":"https:\/\/smarters-player-lite.co\/de\/allgemeine-bedingungen\/","title":{"rendered":"Allgemeine Bedingungen"},"content":{"rendered":"\t\t<div data-elementor-type=\"wp-page\" data-elementor-id=\"14\" class=\"elementor elementor-14\">\n\t\t\t\t\t\t<section class=\"elementor-section elementor-top-section elementor-element elementor-element-ff451be elementor-section-boxed elementor-section-height-default elementor-section-height-default\" data-id=\"ff451be\" data-element_type=\"section\" data-e-type=\"section\" data-settings=\"{&quot;background_background&quot;:&quot;classic&quot;}\">\n\t\t\t\t\t\t<div class=\"elementor-container elementor-column-gap-default\">\n\t\t\t\t\t<div class=\"elementor-column elementor-col-100 elementor-top-column elementor-element elementor-element-fc899bb\" data-id=\"fc899bb\" data-element_type=\"column\" data-e-type=\"column\">\n\t\t\t<div class=\"elementor-widget-wrap elementor-element-populated\">\n\t\t\t\t\t\t<div class=\"elementor-element elementor-element-3c8b3cc elementor-widget elementor-widget-heading\" data-id=\"3c8b3cc\" data-element_type=\"widget\" data-e-type=\"widget\" data-widget_type=\"heading.default\">\n\t\t\t\t<div class=\"elementor-widget-container\">\n\t\t\t\t\t<h2 class=\"elementor-heading-title elementor-size-default\">Conditions g\u00e9n\u00e9rales<\/h2>\t\t\t\t<\/div>\n\t\t\t\t<\/div>\n\t\t\t\t\t<\/div>\n\t\t<\/div>\n\t\t\t\t\t<\/div>\n\t\t<\/section>\n\t\t\t\t<section class=\"elementor-section elementor-top-section elementor-element elementor-element-272b6b9 elementor-section-boxed elementor-section-height-default elementor-section-height-default\" data-id=\"272b6b9\" data-element_type=\"section\" data-e-type=\"section\" data-settings=\"{&quot;background_background&quot;:&quot;classic&quot;}\">\n\t\t\t\t\t\t<div class=\"elementor-container elementor-column-gap-default\">\n\t\t\t\t\t<div class=\"elementor-column elementor-col-100 elementor-top-column elementor-element elementor-element-d73e8d8\" data-id=\"d73e8d8\" data-element_type=\"column\" data-e-type=\"column\">\n\t\t\t<div class=\"elementor-widget-wrap elementor-element-populated\">\n\t\t\t\t\t\t<div class=\"elementor-element elementor-element-21a34d5 elementor-widget elementor-widget-text-editor\" data-id=\"21a34d5\" data-element_type=\"widget\" data-e-type=\"widget\" data-widget_type=\"text-editor.default\">\n\t\t\t\t<div class=\"elementor-widget-container\">\n\t\t\t\t\t\t\t\t\t<section class=\"elementor-section elementor-top-section elementor-element elementor-element-a0b17da elementor-section-boxed elementor-section-height-default elementor-section-height-default\" data-particle_enable=\"false\" data-particle-mobile-disabled=\"false\" data-id=\"a0b17da\" data-element_type=\"section\"><div class=\"elementor-container elementor-column-gap-default\"><div class=\"elementor-column elementor-col-100 elementor-top-column elementor-element elementor-element-43d58fd\" data-id=\"43d58fd\" data-element_type=\"column\"><div class=\"elementor-widget-wrap elementor-element-populated\"><div class=\"elementor-element elementor-element-28124ad elementor-widget elementor-widget-heading\" data-id=\"28124ad\" data-element_type=\"widget\" data-widget_type=\"heading.default\"><div class=\"elementor-widget-container\"><h1 class=\"elementor-heading-title elementor-size-default\"><span style=\"font-size: 16px;\">Termes et conditions pour Smarters player lite :<\/span><\/h1><\/div><\/div><\/div><\/div><\/div><\/section><section class=\"elementor-section elementor-top-section elementor-element elementor-element-f530d5e elementor-section-boxed elementor-section-height-default elementor-section-height-default\" data-particle_enable=\"false\" data-particle-mobile-disabled=\"false\" data-id=\"f530d5e\" data-element_type=\"section\"><div class=\"elementor-container elementor-column-gap-default\"><div class=\"elementor-column elementor-col-100 elementor-top-column elementor-element elementor-element-40ae883\" data-id=\"40ae883\" data-element_type=\"column\"><div class=\"elementor-widget-wrap elementor-element-populated\"><div class=\"elementor-element elementor-element-4951ef7 elementor-widget elementor-widget-text-editor\" data-id=\"4951ef7\" data-element_type=\"widget\" data-widget_type=\"text-editor.default\"><div class=\"elementor-widget-container\"><p>Bienvenue sur Smarters player lite Ces conditions g\u00e9n\u00e9rales r\u00e9gissent votre acc\u00e8s et votre utilisation de notre site Web et de nos services. En acc\u00e9dant ou en utilisant notre site Web ou nos services, vous acceptez de vous conformer aux pr\u00e9sentes conditions g\u00e9n\u00e9rales.<\/p><p>1. Utilisation de nos services\u00a0:<\/p><p>Vous devez avoir au moins 18 ans pour utiliser nos services.<br \/>Vous acceptez d\u2019utiliser nos services uniquement \u00e0 des fins licites et dans le respect de toutes les lois et r\u00e9glementations applicables.<\/p><p>2. Enregistrement du compte\u00a0:<\/p><p>Afin d\u2019acc\u00e9der \u00e0 certaines fonctionnalit\u00e9s de nos services, vous devrez peut-\u00eatre cr\u00e9er un compte. Vous \u00eates responsable du maintien de la confidentialit\u00e9 des informations d\u2019identification de votre compte et de toutes les activit\u00e9s qui se produisent sous votre compte.<\/p><p>3. Propri\u00e9t\u00e9 intellectuelle\u00a0:<\/p><p>Tout le contenu et le mat\u00e9riel disponibles sur notre site Web et nos services, y compris, mais sans s\u2019y limiter, les textes, graphiques, logos, images et logiciels, sont la propri\u00e9t\u00e9 de Smarters Player Lite ou de ses conc\u00e9dants de licence et sont prot\u00e9g\u00e9s par le droit d\u2019auteur et d\u2019autres lois sur la propri\u00e9t\u00e9 intellectuelle.<\/p><p>4. Paiement et abonnement :<\/p><p>Vous acceptez de payer tous les frais associ\u00e9s \u00e0 votre abonnement \u00e0 nos services conform\u00e9ment aux tarifs et aux conditions de paiement qui vous ont \u00e9t\u00e9 communiqu\u00e9s au moment de l\u2019achat.<br \/>Les frais d\u2019abonnement ne sont pas remboursables, sauf indication contraire dans notre politique de remboursement.<\/p><p>5. Limitation de responsabilit\u00e9\u00a0:<\/p><p>En aucun cas Smarters Player Lite ou ses soci\u00e9t\u00e9s affili\u00e9es, partenaires ou conc\u00e9dants de licence ne pourront \u00eatre tenus responsables de tout dommage indirect, accessoire, sp\u00e9cial, cons\u00e9cutif ou punitif d\u00e9coulant de ou li\u00e9 \u00e0 votre utilisation de notre site Web ou de nos services.<\/p><p>6. Confidentialit\u00e9\u00a0:<\/p><p>Votre utilisation de notre site Web et de nos services est soumise \u00e0 notre politique de confidentialit\u00e9, qui d\u00e9crit la mani\u00e8re dont nous collectons, utilisons et divulguons vos informations personnelles.<\/p><p>7. Loi applicable\u00a0:<\/p><p>Les pr\u00e9sentes conditions g\u00e9n\u00e9rales seront r\u00e9gies et interpr\u00e9t\u00e9es conform\u00e9ment aux lois de [votre pays], sans \u00e9gard \u00e0 ses dispositions en mati\u00e8re de conflits de lois.<\/p><p>8. Modifications de ces termes et conditions\u00a0:<\/p><p>Nous nous r\u00e9servons le droit de mettre \u00e0 jour ou de modifier ces Conditions G\u00e9n\u00e9rales \u00e0 tout moment. Toute modification entrera en vigueur imm\u00e9diatement apr\u00e8s la publication des conditions g\u00e9n\u00e9rales mises \u00e0 jour sur notre site Web.<\/p><p>9. Contactez-nous\u00a0:<\/p><p>Si vous avez des questions ou des pr\u00e9occupations concernant ces conditions g\u00e9n\u00e9rales, veuillez nous contacter \u00e0\u00a0<strong>contact@smarters-player-lite.co<\/strong><\/p><p>En utilisant notre site Web ou nos services, vous acceptez les termes des pr\u00e9sentes conditions g\u00e9n\u00e9rales.<\/p><\/div><\/div><\/div><\/div><\/div><\/section>\t\t\t\t\t\t\t\t<\/div>\n\t\t\t\t<\/div>\n\t\t\t\t\t<\/div>\n\t\t<\/div>\n\t\t\t\t\t<\/div>\n\t\t<\/section>\n\t\t\t\t<\/div>\n\t\t","protected":false},"excerpt":{"rendered":"<p>Conditions g\u00e9n\u00e9rales Termes et conditions pour Smarters player lite : Bienvenue sur Smarters player lite Ces conditions g\u00e9n\u00e9rales r\u00e9gissent votre [&hellip;]<\/p>\n","protected":false},"author":1,"featured_media":0,"parent":0,"menu_order":0,"comment_status":"closed","ping_status":"closed","template":"","meta":{"site-sidebar-layout":"no-sidebar","site-content-layout":"","ast-site-content-layout":"full-width-container","site-content-style":"default","site-sidebar-style":"default","ast-global-header-display":"","ast-banner-title-visibility":"","ast-main-header-display":"","ast-hfb-above-header-display":"","ast-hfb-below-header-display":"","ast-hfb-mobile-header-display":"","site-post-title":"disabled","ast-breadcrumbs-content":"","ast-featured-img":"disabled","footer-sml-layout":"","ast-disable-related-posts":"","theme-transparent-header-meta":"","adv-header-id-meta":"","stick-header-meta":"","header-above-stick-meta":"","header-main-stick-meta":"","header-below-stick-meta":"","astra-migrate-meta-layouts":"default","ast-page-background-enabled":"default","ast-page-background-meta":{"desktop":{"background-color":"var(--ast-global-color-4)","background-image":"","background-repeat":"repeat","background-position":"center center","background-size":"auto","background-attachment":"scroll","background-type":"","background-media":"","overlay-type":"","overlay-color":"","overlay-opacity":"","overlay-gradient":""},"tablet":{"background-color":"","background-image":"","background-repeat":"repeat","background-position":"center center","background-size":"auto","background-attachment":"scroll","background-type":"","background-media":"","overlay-type":"","overlay-color":"","overlay-opacity":"","overlay-gradient":""},"mobile":{"background-color":"","background-image":"","background-repeat":"repeat","background-position":"center center","background-size":"auto","background-attachment":"scroll","background-type":"","background-media":"","overlay-type":"","overlay-color":"","overlay-opacity":"","overlay-gradient":""}},"ast-content-background-meta":{"desktop":{"background-color":"var(--ast-global-color-5)","background-image":"","background-repeat":"repeat","background-position":"center center","background-size":"auto","background-attachment":"scroll","background-type":"","background-media":"","overlay-type":"","overlay-color":"","overlay-opacity":"","overlay-gradient":""},"tablet":{"background-color":"var(--ast-global-color-5)","background-image":"","background-repeat":"repeat","background-position":"center center","background-size":"auto","background-attachment":"scroll","background-type":"","background-media":"","overlay-type":"","overlay-color":"","overlay-opacity":"","overlay-gradient":""},"mobile":{"background-color":"var(--ast-global-color-5)","background-image":"","background-repeat":"repeat","background-position":"center center","background-size":"auto","background-attachment":"scroll","background-type":"","background-media":"","overlay-type":"","overlay-color":"","overlay-opacity":"","overlay-gradient":""}},"footnotes":""},"class_list":["post-14","page","type-page","status-publish","hentry"],"_links":{"self":[{"href":"https:\/\/smarters-player-lite.co\/de\/wp-json\/wp\/v2\/pages\/14","targetHints":{"allow":["GET"]}}],"collection":[{"href":"https:\/\/smarters-player-lite.co\/de\/wp-json\/wp\/v2\/pages"}],"about":[{"href":"https:\/\/smarters-player-lite.co\/de\/wp-json\/wp\/v2\/types\/page"}],"author":[{"embeddable":true,"href":"https:\/\/smarters-player-lite.co\/de\/wp-json\/wp\/v2\/users\/1"}],"replies":[{"embeddable":true,"href":"https:\/\/smarters-player-lite.co\/de\/wp-json\/wp\/v2\/comments?post=14"}],"version-history":[{"count":1,"href":"https:\/\/smarters-player-lite.co\/de\/wp-json\/wp\/v2\/pages\/14\/revisions"}],"predecessor-version":[{"id":4835,"href":"https:\/\/smarters-player-lite.co\/de\/wp-json\/wp\/v2\/pages\/14\/revisions\/4835"}],"wp:attachment":[{"href":"https:\/\/smarters-player-lite.co\/de\/wp-json\/wp\/v2\/media?parent=14"}],"curies":[{"name":"wp","href":"https:\/\/api.w.org\/{rel}","templated":true}]}}